{"id":31411,"date":"2022-09-16T16:45:21","date_gmt":"2022-09-16T14:45:21","guid":{"rendered":"https:\/\/nestech.it\/cookie-policy\/"},"modified":"2025-02-25T15:37:09","modified_gmt":"2025-02-25T14:37:09","slug":"cookie-richtlinie","status":"publish","type":"page","link":"https:\/\/nestech.it\/de\/cookie-richtlinie\/","title":{"rendered":"Cookie-Richtlinie"},"content":{"rendered":"<p><section id=\"bt_bb_section69e0352235448\" class=\"bt_bb_section bt_bb_color_scheme_11 bt_bb_layout_boxed_1200 bt_bb_vertical_align_middle bt_bb_top_spacing_extra_large bt_bb_bottom_spacing_large bt-dark-skin\" style=\"; --section-primary-color:#ffffff; --section-secondary-color:#004f9f;\" data-bt-override-class=\"{&quot;bt_bb_top_spacing_&quot;:{&quot;current_class&quot;:&quot;bt_bb_top_spacing_extra_large&quot;,&quot;def&quot;:&quot;extra_large&quot;,&quot;xl&quot;:&quot;extra_large&quot;,&quot;sm&quot;:&quot;medium&quot;,&quot;xs&quot;:&quot;medium&quot;},&quot;bt_bb_bottom_spacing_&quot;:{&quot;current_class&quot;:&quot;bt_bb_bottom_spacing_large&quot;,&quot;def&quot;:&quot;large&quot;,&quot;xl&quot;:&quot;large&quot;,&quot;sm&quot;:&quot;medium&quot;,&quot;xs&quot;:&quot;medium&quot;}}\"><div class=\"bt_bb_background_image_holder_wrapper\"><div class=\"bt_bb_background_image_holder btLazyLoadBackground\"  data-background_image_src=\"https:\/\/nestech.it\/wp-content\/uploads\/2022\/09\/fondino-footer.jpg\" data-parallax-zoom-start=\"1\" data-parallax-zoom-end=\"1\" data-parallax-blur-start=\"0\" data-parallax-blur-end=\"0\" data-parallax-opacity-start=\"1\" data-parallax-opacity-end=\"1\" style=\" background-image: url(&#039;https:\/\/nestech.it\/wp-content\/plugins\/bold-page-builder\/img\/blank.gif&#039;);\"><\/div><\/div><div class=\"bt_bb_port\"><div class=\"bt_bb_cell\"><div class=\"bt_bb_cell_inner\"><div class=\"bt_bb_row bt_bb_row_width_boxed_1200 bt_bb_row_width_boxed \"  data-bt-override-class=\"{}\"><div class=\"bt_bb_row_holder\" ><div  class=\"bt_bb_column col-xxl-12 col-xl-12 col-xs-12 col-sm-12 col-md-12 col-lg-12 bt_bb_vertical_align_top bt_bb_align_center bt_bb_padding_normal bt_bb_animation_fade_in zoom_out animate\" style=\"; --column-width:12;\" data-width=\"12\" data-bt-override-class=\"{&quot;bt_bb_align_&quot;:{&quot;current_class&quot;:&quot;bt_bb_align_center&quot;,&quot;def&quot;:&quot;center&quot;,&quot;xl&quot;:&quot;center&quot;},&quot;bt_bb_padding_&quot;:{&quot;current_class&quot;:&quot;bt_bb_padding_normal&quot;,&quot;def&quot;:&quot;normal&quot;,&quot;xl&quot;:&quot;normal&quot;}}\"><div class=\"bt_bb_column_content\"><div class=\"bt_bb_column_content_inner\"><div class=\"bt_bb_separator bt_bb_border_style_none bt_bb_top_spacing_ bt_bb_bottom_spacing_30\" data-bt-override-class=\"{&quot;bt_bb_top_spacing_&quot;:{&quot;current_class&quot;:&quot;bt_bb_top_spacing_&quot;,&quot;def&quot;:&quot;&quot;,&quot;xl&quot;:&quot;&quot;},&quot;bt_bb_bottom_spacing_&quot;:{&quot;current_class&quot;:&quot;bt_bb_bottom_spacing_30&quot;,&quot;def&quot;:&quot;30&quot;,&quot;xl&quot;:&quot;30&quot;}}\"><\/div><header class=\"bt_bb_headline bt_bb_color_scheme_1 bt_bb_dash_top bt_bb_size_extralarge bt_bb_align_center\" style=\"; --headline-primary-color:#ffffff; --headline-secondary-color:#000000;\" data-bt-override-class=\"{&quot;bt_bb_size_&quot;:{&quot;current_class&quot;:&quot;bt_bb_size_extralarge&quot;,&quot;def&quot;:&quot;extralarge&quot;,&quot;xl&quot;:&quot;extralarge&quot;},&quot;bt_bb_align_&quot;:{&quot;current_class&quot;:&quot;bt_bb_align_center&quot;,&quot;def&quot;:&quot;center&quot;,&quot;xl&quot;:&quot;center&quot;}}\"><h1><span class=\"bt_bb_headline_content\"><span>Cookie-Richtlinie<\/span><\/span><\/h1><\/header><div class=\"bt_bb_separator bt_bb_border_style_none bt_bb_top_spacing_ bt_bb_bottom_spacing_20\" data-bt-override-class=\"{&quot;bt_bb_top_spacing_&quot;:{&quot;current_class&quot;:&quot;bt_bb_top_spacing_&quot;,&quot;def&quot;:&quot;&quot;,&quot;xl&quot;:&quot;&quot;},&quot;bt_bb_bottom_spacing_&quot;:{&quot;current_class&quot;:&quot;bt_bb_bottom_spacing_20&quot;,&quot;def&quot;:&quot;20&quot;,&quot;xl&quot;:&quot;20&quot;}}\"><\/div><\/div><\/div><\/div><\/div><\/div><\/div><!-- cell_inner --><\/div><!-- cell --><\/div><!-- port --><\/section><section id=\"bt_bb_section69e035223596d\" class=\"bt_bb_section bt_bb_layout_boxed_1200 bt_bb_vertical_align_top bt_bb_top_spacing_100 bt_bb_bottom_spacing_100\" style=\"z-index: 1;\" data-bt-override-class=\"{&quot;bt_bb_top_spacing_&quot;:{&quot;current_class&quot;:&quot;bt_bb_top_spacing_100&quot;,&quot;def&quot;:&quot;100&quot;,&quot;xl&quot;:&quot;100&quot;},&quot;bt_bb_bottom_spacing_&quot;:{&quot;current_class&quot;:&quot;bt_bb_bottom_spacing_100&quot;,&quot;def&quot;:&quot;100&quot;,&quot;xl&quot;:&quot;100&quot;}}\"><div class=\"bt_bb_port\"><div class=\"bt_bb_cell\"><div class=\"bt_bb_cell_inner\"><div class=\"bt_bb_row \"  data-bt-override-class=\"{}\"><div class=\"bt_bb_row_holder\" ><div  class=\"bt_bb_column col-xxl-12 col-xl-12 bt_bb_vertical_align_top bt_bb_align_left bt_bb_padding_normal\" style=\"; --column-width:12;\" data-width=\"12\" data-bt-override-class=\"{}\"><div class=\"bt_bb_column_content\"><div class=\"bt_bb_column_content_inner\"><div  class=\"bt_bb_text\" ><\/p>\n<p><strong>CARBONVENETA NESTECH SRL<br \/>Via Cavallara 18 \u2013 36040 Valdastico (VI) Italien<\/strong><br \/><strong>USt.-IdNr. 03804520249<br \/>Telefon +39 0445 745072<\/strong><br \/><strong>Fax +39 0445 745072<\/strong><br \/><strong>E-Mail <\/strong><a href=\"mailto:info@nestech.it\"><strong>info@nestech.it<\/strong><\/a><\/p>\n<p>\n<\/div><div class=\"bt_bb_separator bt_bb_border_style_none bt_bb_top_spacing_small bt_bb_bottom_spacing_small\" data-bt-override-class=\"{&quot;bt_bb_top_spacing_&quot;:{&quot;current_class&quot;:&quot;bt_bb_top_spacing_small&quot;,&quot;def&quot;:&quot;small&quot;,&quot;xl&quot;:&quot;small&quot;},&quot;bt_bb_bottom_spacing_&quot;:{&quot;current_class&quot;:&quot;bt_bb_bottom_spacing_small&quot;,&quot;def&quot;:&quot;small&quot;,&quot;xl&quot;:&quot;small&quot;}}\"><\/div><\/div><\/div><\/div><\/div><\/div><div class=\"bt_bb_row \"  data-bt-override-class=\"{}\"><div class=\"bt_bb_row_holder\" ><div  class=\"bt_bb_column col-xxl-12 col-xl-12 bt_bb_vertical_align_top bt_bb_align_left bt_bb_padding_normal\" style=\"; --column-width:12;\" data-width=\"12\" data-bt-override-class=\"{}\"><div class=\"bt_bb_column_content\"><div class=\"bt_bb_column_content_inner\"><div  class=\"bt_bb_text\" ><\/p>\n<p><strong>Informationen gem\u00e4\u00df Art. 13 des Gesetzesdekrets 196\/2003<\/strong><\/p>\n<p>Sehr geehrter Kunde, ich m\u00f6chte Sie dar\u00fcber informieren, dass das italienische Gesetzesdekret Nr. 196 vom 30. Juni 2003 (Datenschutzgesetz) den Schutz von Personen und anderen Subjekten im Hinblick auf die Verarbeitung personenbezogener Daten vorsieht. Das unterzeichnende Unternehmen teilt Ihnen mit, dass es f\u00fcr die Aufnahme und Durchf\u00fchrung von vertraglichen\/kaufm\u00e4nnischen\/informativen Beziehungen mit Ihnen in den Besitz von Daten kommt\/ist, die es selbst m\u00fcndlich direkt oder \u00fcber Dritte erworben hat und die sich auf Sie beziehen und die von Gesetzes wegen als personenbezogen gelten.<\/p>\n<p>In \u00dcbereinstimmung mit dem oben genannten Gesetz basiert diese Verarbeitung auf den Prinzipien der Korrektheit, Rechtm\u00e4\u00dfigkeit und Transparenz sowie dem Schutz Ihrer Vertraulichkeit und Ihrer Rechte. Gem\u00e4\u00df Artikel 13 des Gesetzesdekrets Nr. 196\/2003 gebe ich Ihnen daher die folgenden Informationen:<\/p>\n<p>Die Daten werden erhoben und verarbeitet, um den Kunden zu registrieren und den angeforderten Informationsservice zu aktivieren sowie f\u00fcr alle anderen m\u00f6glichen und sp\u00e4teren vertraglichen\/kommerziellen Erfordernisse und um die sich daraus ergebenden gesetzlichen und vertraglichen Verpflichtungen zu erf\u00fcllen und um eine effiziente Verwaltung der Gesch\u00e4ftsbeziehungen zu erreichen sowie zum Zwecke des Kreditschutzes und einer besseren Verwaltung unserer Rechte in Bezug auf die individuelle Beziehung.<\/p>\n<p>Die von Ihnen zur Verf\u00fcgung gestellten Daten werden auch f\u00fcr den regelm\u00e4\u00dfigen Versand von Dokumentationen\/Handelsinformationen\/statistischen Erhebungen im Zusammenhang mit den von der genannten Gesellschaft und ihren Partnern durchgef\u00fchrten Aktivit\u00e4ten verwendet.<\/p>\n<p>Sie k\u00f6nnen der oben genannten Verarbeitung jedoch jederzeit widersprechen, indem Sie dies direkt dem Unternehmen mitteilen. F\u00fcr eine wirksamere \u00c4nderung\/L\u00f6schung der betreffenden Verarbeitung ist es ratsam, eine nachvollziehbare Kommunikationsmethode zu verwenden (z.B. Einschreiben mit R\u00fcckschein, zertifizierte E-Mail, usw.).<\/p>\n<p>Die Daten werden in schriftlicher Form und\/oder auf magnetischen, elektronischen oder telematischen Tr\u00e4gern verarbeitet. Die Bereitstellung dieser Daten ist f\u00fcr alle gesetzlichen und vertraglichen\/informativen Verpflichtungen obligatorisch, so dass eine Verweigerung der Bereitstellung dieser Daten oder ihrer sp\u00e4teren Verarbeitung dazu f\u00fchren kann, dass der Unterzeichner die betreffenden vertraglichen\/informativen Beziehungen nicht erf\u00fcllen kann.<\/p>\n<p>Die Nichtbereitstellung aller Daten, die nicht auf gesetzliche oder vertragliche Verpflichtungen zur\u00fcckzuf\u00fchren sind, wird hingegen vom Unterzeichner von Fall zu Fall beurteilt und bestimmt die daraus folgenden Entscheidungen in Bezug auf die Bedeutung der angeforderten Daten f\u00fcr die Verwaltung der Gesch\u00e4ftsbeziehung.<\/p>\n<p>Unbeschadet der Mitteilung und Verbreitung, die in Erf\u00fcllung gesetzlicher Verpflichtungen erfolgt, k\u00f6nnen die Daten in Italien m\u00f6glicherweise an folgende Personen weitergegeben werden:<\/p>\n<ul>\n<li>Fachleute und Berater<\/li>\n<\/ul>\n<p>Zu den gleichen Zwecken k\u00f6nnen die folgenden Kategorien von Beauftragten und\/oder Verantwortlichen und externen Parteien Kenntnis von den von Ihnen bereitgestellten Daten erhalten:<\/p>\n<ul>\n<li>Verwaltungsb\u00fcro<\/li>\n<li>Rechtsabteilung;<\/li>\n<li>Buchhaltungsabteilung;<\/li>\n<li>Lieferanten von Waren und Dienstleistungen, die in unserem Auftrag t\u00e4tig sind;<\/li>\n<li>Beauftragte.<\/li>\n<\/ul>\n<p>Die vorgenannte Mitteilung erfolgt in dem Rahmen, der f\u00fcr die Erf\u00fcllung der von Ihnen gestellten Anfrage sowie f\u00fcr die Erf\u00fcllung der sich daraus ergebenden vertraglichen Beziehung und\/oder zu reinen buchhalterischen\/steuerlichen Zwecken unbedingt erforderlich ist, wobei alle vom Gesetz vorgesehenen Vorkehrungen getroffen werden, um Ihre Privatsph\u00e4re zu sch\u00fctzen.<\/p>\n<p>Auf Ihren Wunsch hin werden Sie in jedem Fall m\u00fcndlich oder schriftlich \u00fcber eine solche Weitergabe\/Mitteilung informiert.<\/p>\n<p>Die Daten werden w\u00e4hrend der gesamten Dauer der bestehenden Beziehung und auch danach innerhalb der oben genannten Grenzen f\u00fcr die Erf\u00fcllung aller gesetzlichen Verpflichtungen sowie f\u00fcr die in dieser Erkl\u00e4rung angegebenen Zwecke verarbeitet.<\/p>\n<p>Nach Beendigung der bestehenden Beziehung bzw. nach Beantwortung Ihrer Informationsanfrage werden die entsprechenden Dateien oder Daten, die sich auf Datentr\u00e4gern befinden, automatisch in einer Datenbank gespeichert und f\u00fcr den Versand von kommerziellen\/werblichen\/statistischen Mitteilungen verwendet.<\/p>\n<p>Daten in Papierform werden f\u00fcr die gesetzlich vorgeschriebene Mindestdauer aufbewahrt und anschlie\u00dfend vernichtet.<\/p>\n<p>Der Inhaber der Datenverarbeitung ist: <strong>CARBONVENETA NESTECH SRL<\/strong>, n der Person des gesetzlichen Vertreters <strong>Movio Roberto<\/strong>, Gesch\u00e4ftsf\u00fchrer von <strong>CARBONVENETA NESTECH SRL<\/strong>, mit Sitz in <strong>Via Cavallara 18 \u2013 36040 Valdastico (VI) Italien,<\/strong> an den Sie sich f\u00fcr jegliche Kl\u00e4rung und\/oder Mitteilung wenden k\u00f6nnen.<br \/>Falls Sie es w\u00fcnschen, werden Sie umgehend \u00fcber die Person(en) informiert, die mit der Verarbeitung Ihrer pers\u00f6nlichen Daten beauftragt ist\/sind.<\/p>\n<p>Sie k\u00f6nnen jederzeit Ihre Rechte gegen\u00fcber dem Inhaber der Datenverarbeitung gem\u00e4\u00df Art. 7 des Gesetzesdekrets 196\/2003 aus\u00fcben, das wir zu Ihrer Information vollst\u00e4ndig wiedergeben:<\/p>\n<p><strong>Gesetzesdekret Nr. 196\/2003, Art. 7 \u2013 Recht auf Zugang zu pers\u00f6nlichen Daten und andere Rechte<\/strong><\/p>\n<ol>\n<li>Die betroffene Person hat das Recht, eine Best\u00e4tigung dar\u00fcber zu erhalten, ob sie betreffende personenbezogene Daten vorhanden sind oder nicht, auch wenn diese noch nicht gespeichert sind, sowie die Mitteilung dieser Daten in verst\u00e4ndlicher Form.<\/li>\n<li>Die betroffene Person hat das Recht, Auskunft zu erhalten \u00fcber:\n<ol>\n<li>die Herkunft der personenbezogenen Daten;<\/li>\n<li>die Zwecke und Methoden der Verarbeitung;<\/li>\n<li>die angewandte Logik im Falle einer Verarbeitung mit Hilfe elektronischer Mittel;<\/li>\n<li>die Identit\u00e4t des Rechtsinhabers f\u00fcr die Verarbeitung, der Verantwortlichen und des gem\u00e4\u00df Artikel 5 Absatz 2 benannten Vertreters;<\/li>\n<li>die Stellen oder Kategorien von Stellen, denen die personenbezogenen Daten mitgeteilt werden k\u00f6nnen oder die in ihrer Eigenschaft als benannte(r) Vertreter im Hoheitsgebiet des Staates, als Verantwortliche(r) oder Beauftragte(r) davon Kenntnis erhalten k\u00f6nnen.<\/li>\n<\/ol>\n<\/li>\n<li>Der Betroffene hat das Recht, Folgendes zu erhalten:\n<ol>\n<li>die Aktualisierung, die Berichtigung oder, sofern er daran interessiert ist, die Vervollst\u00e4ndigung der Daten;<\/li>\n<li>die L\u00f6schung, Umwandlung in anonyme Form oder Sperrung von Daten, die unter Versto\u00df gegen das Gesetz verarbeitet wurden, einschlie\u00dflich der Daten, deren Speicherung f\u00fcr die Zwecke, f\u00fcr die die Daten erhoben oder sp\u00e4ter verarbeitet wurden, nicht erforderlich ist;<\/li>\n<li>eine Bescheinigung, dass die unter den Buchstaben a) und b) genannten Vorg\u00e4nge, auch was ihren Inhalt betrifft, denjenigen mitgeteilt wurden, denen die Daten \u00fcbermittelt oder bei denen sie verbreitet wurden, sofern sich dies nicht als unm\u00f6glich erweist oder der Aufwand an Mitteln im Verh\u00e4ltnis zum gesch\u00fctzten Recht unvertretbar gro\u00df ist.<\/li>\n<\/ol>\n<\/li>\n<li>Die betroffene Person hat das Recht:\n<ol>\n<li>der Verarbeitung sie betreffender personenbezogener Daten aus legitimen Gr\u00fcnden ganz oder teilweise zu widersprechen, auch wenn diese Daten dem Zweck der Erhebung entsprechen;<\/li>\n<li>der Verarbeitung sie betreffender personenbezogener Daten zu widersprechen, wenn diese Verarbeitung zum Zwecke des Versands von Werbematerial oder des Direktverkaufs, zur Markt- oder Meinungsforschung oder zur Handelsinformation erfolgt.<\/li>\n<\/ol>\n<\/li>\n<\/ol>\n<p><strong>Cookie-Richtlinie<\/strong><\/p>\n<p>Informationen \u00fcber Cookies gem\u00e4\u00df den Artikeln 13 und 122 des Gesetzesdekrets 196\/2003 (\u201eDatenschutzgesetz\u201c) sowie der Allgemeinen Bestimmung der Datenschutzbeh\u00f6rde vom 8. Mai 2014.<\/p>\n<p>Um Ihnen die Navigation auf dieser Webseite zu erleichtern, informieren wir Sie dar\u00fcber, dass wir Cookies verwenden.<\/p>\n<p>Cookies sind kleine Textdateien, die lokal auf Ihrem Computer oder Ihrem mobilen Ger\u00e4t abgelegt werden, um Informationen zu speichern, die auf Ihrem Internet-Browsing basieren.<\/p>\n<p>Diese Informationen erm\u00f6glichen es, Ihre Navigation auf den Webseiten zu personalisieren: So k\u00f6nnen wir zum Beispiel Ihre Auswahl wie Sprache, W\u00e4hrung oder bevorzugte Suchkriterien speichern und so Ihren n\u00e4chsten Besuch auf der Webseite erleichtern.<\/p>\n<p>Sehr oft sind sie f\u00fcr den normalen Betrieb einer Webseite sowie f\u00fcr den Zugriff auf gesch\u00fctzte Bereiche und das Ausf\u00fcllen eines Formulars erforderlich.<\/p>\n<p>Es gibt verschiedene Arten von Cookies, je nach ihrer Funktion, Dauer und wer sie auf einer Webseite platziert hat. Nachfolgend listen wir diejenigen auf, die von dieser Webseite verwendet werden:<\/p>\n<ul>\n<li><strong>Technische Cookies, die keine Zustimmung erfordern:<\/strong><br \/>Dies sind Cookies, die dazu dienen, die Navigation durchzuf\u00fchren oder einen vom Benutzer angeforderten Dienst bereitzustellen. Sie werden f\u00fcr keine weiteren Zwecke verwendet und werden normalerweise direkt vom Eigent\u00fcmer der Webseite installiert. Ohne die Verwendung solcher Cookies k\u00f6nnten bestimmte Vorg\u00e4nge nicht durchgef\u00fchrt werden oder w\u00e4ren komplexer und\/oder weniger sicher.<\/li>\n<li><strong>Analytische Cookies:<\/strong><br \/>Sie sammeln Informationen in zusammengefasster Form, wie z.B. die Anzahl der Nutzer und wie sie die Webseite nutzen.<\/li>\n<li><strong>Profilierungs-Cookies:<\/strong><br \/>Sie werden verwendet, um das Web-Browsing des Benutzers zu verfolgen und Profile \u00fcber seinen Geschmack, seine Gewohnheiten, seine Entscheidungen usw. zu erstellen. Mithilfe dieser Cookies k\u00f6nnen Werbebotschaften an das Endger\u00e4t des Nutzers gesendet werden, die auf die Pr\u00e4ferenzen abgestimmt sind, die derselbe Nutzer beim Surfen im Internet bereits ge\u00e4u\u00dfert hat.<\/li>\n<\/ul>\n<p>Diese Webseite verwendet keine Cookies f\u00fcr Werbezwecke oder zur Speicherung von Daten f\u00fcr Marketing- und Profilierungszwecke.<\/p>\n<p><strong>Cookies von Diensten Dritter:<\/strong><br \/>Sie erm\u00f6glichen es uns, die von uns angebotenen Dienste zu verwalten und zu verbessern. Cookies von Drittanbietern werden von einer anderen Webseite als derjenigen, die der Benutzer besucht, gesetzt und k\u00f6nnen zum Beispiel Symbole sozialer Netzwerke sein.<\/p>\n<p>Auf dieser Webseite kann der Benutzer Cookies von folgenden Drittanbietern finden:<\/p>\n<ul>\n<li><strong>Google Analytics:\u00a0<\/strong><a href=\"https:\/\/www.google.com\/analytics\/learn\/privacy.html?hl=it\">www.google.com\/analytics\/learn\/privacy.html?hl=it<\/a><\/li>\n<li><strong>Google Adwords:<\/strong>\u00a0<a href=\"https:\/\/www.google.com\/intl\/it\/policies\/privacy\/\">www.google.com\/intl\/it\/policies\/privacy\/<\/a><\/li>\n<li><strong>Google+:<\/strong>\u00a0<a href=\"https:\/\/www.google.com\/intl\/it\/policies\/privacy\/\">www.google.com\/intl\/it\/policies\/privacy\/<\/a><\/li>\n<li><strong>YouTube:<\/strong>\u00a0<a href=\"https:\/\/www.youtube.com\/static?template=privacy_guidelines&amp;gl=IT\">www.youtube.com\/static?template=privacy_guidelines&amp;gl=IT<\/a><\/li>\n<li><strong>LinkedIn:<\/strong>\u00a0<a href=\"https:\/\/it.linkedin.com\/legal\/cookie-policy\">https:\/\/it.linkedin.com\/legal\/cookie-policy<\/a><\/li>\n<\/ul>\n<p>Diese Seite hat keinen Zugriff auf oder Kontrolle \u00fcber Cookies von Dritten und lehnt jede Haftung in dieser Hinsicht ab. Der Benutzer wird gebeten, die Datenschutzrichtlinien der Webseiten Dritter, auf die er \u00fcber diese Webseite zugreift, zu lesen, um deren Bedingungen f\u00fcr die Datenverarbeitung zu kennen.<\/p>\n<p>Der Nutzer kann Cookies \u00fcber die spezifischen Konfigurationen des verwendeten Browsers oder der entsprechenden Programme, mit denen er auf der Webseite navigiert, oder durch \u00c4nderung der Einstellungen f\u00fcr die Verwendung von Cookies Dritter deaktivieren.<\/p>\n<p><strong>Deaktivieren von Cookies \u00fcber den Browser:<\/strong><br \/>\u00dcber die Einstellungen Ihres Browsers (z.B. Internet Explorer, Safari, Firefox, Chrome usw.) k\u00f6nnen Sie entscheiden, welche Cookies Sie empfangen m\u00f6chten und welche nicht. Sie k\u00f6nnen fast alle Browser so einstellen, dass sie die Installation von Cookies blockieren.<\/p>\n<p>Die Modalit\u00e4ten f\u00fcr diese Einstellungen, die sich je nach verwendetem Browser \u00e4ndern k\u00f6nnen, finden Sie in der Regel in der Rubrik Datenschutzverwaltung des Browsers.<\/p>\n<p>Wenn Sie stattdessen detaillierte Informationen w\u00fcnschen, die Sie Schritt f\u00fcr Schritt durch die Auswahl der Cookies f\u00fchren, besuchen Sie bitte: http:\/\/www.aboutcookies.org oder http:\/\/www.allaboutcookies.org.<\/p>\n<p>Wenn ein Benutzer ein Cookie blockiert oder l\u00f6scht, kann er die Webseite m\u00f6glicherweise nicht nutzen oder bestimmte Teile davon nicht sehen.<\/p>\n<p><strong>Vicenza,<\/strong><br \/><strong>Der Rechtsinhaber f\u00fcr die Verarbeitung Movio Roberto<\/strong><\/p>\n<p>\n<\/div><\/div><\/div><\/div><\/div><\/div><\/div><!-- cell_inner --><\/div><!-- cell --><\/div><!-- port --><\/section><\/p>\n","protected":false},"excerpt":{"rendered":"","protected":false},"author":1,"featured_media":0,"parent":0,"menu_order":0,"comment_status":"closed","ping_status":"closed","template":"","meta":{"footnotes":"","_wp_rev_ctl_limit":""},"yoast_head":"<!-- This site is optimized with the Yoast SEO plugin v22.9 - https:\/\/yoast.com\/wordpress\/plugins\/seo\/ -->\n<title>Cookie-Richtlinie - NESTECH<\/title>\n<meta name=\"robots\" content=\"index, follow, max-snippet:-1, max-image-preview:large, max-video-preview:-1\" \/>\n<link rel=\"canonical\" href=\"https:\/\/nestech-lasercut.de\/cookie-richtlinie\/\" \/>\n<meta property=\"og:locale\" content=\"de_DE\" \/>\n<meta property=\"og:type\" content=\"article\" \/>\n<meta property=\"og:title\" content=\"Cookie-Richtlinie - NESTECH\" \/>\n<meta property=\"og:url\" content=\"https:\/\/nestech-lasercut.de\/cookie-richtlinie\/\" \/>\n<meta property=\"og:site_name\" content=\"NESTECH\" \/>\n<meta property=\"article:modified_time\" content=\"2025-02-25T14:37:09+00:00\" \/>\n<meta name=\"twitter:card\" content=\"summary_large_image\" \/>\n<meta name=\"twitter:label1\" content=\"Gesch\u00e4tzte Lesezeit\" \/>\n\t<meta name=\"twitter:data1\" content=\"17 Minuten\" \/>\n<script type=\"application\/ld+json\" class=\"yoast-schema-graph\">{\"@context\":\"https:\/\/schema.org\",\"@graph\":[{\"@type\":\"WebPage\",\"@id\":\"https:\/\/nestech.it\/de\/cookie-richtlinie\/\",\"url\":\"https:\/\/nestech-lasercut.de\/cookie-richtlinie\/\",\"name\":\"Cookie-Richtlinie - NESTECH\",\"isPartOf\":{\"@id\":\"https:\/\/nestech.it\/#website\"},\"datePublished\":\"2022-09-16T14:45:21+00:00\",\"dateModified\":\"2025-02-25T14:37:09+00:00\",\"breadcrumb\":{\"@id\":\"https:\/\/nestech-lasercut.de\/cookie-richtlinie\/#breadcrumb\"},\"inLanguage\":\"de-DE\",\"potentialAction\":[{\"@type\":\"ReadAction\",\"target\":[\"https:\/\/nestech-lasercut.de\/cookie-richtlinie\/\"]}]},{\"@type\":\"BreadcrumbList\",\"@id\":\"https:\/\/nestech-lasercut.de\/cookie-richtlinie\/#breadcrumb\",\"itemListElement\":[{\"@type\":\"ListItem\",\"position\":1,\"name\":\"Home\",\"item\":\"https:\/\/nestech.it\/de\/\"},{\"@type\":\"ListItem\",\"position\":2,\"name\":\"Cookie-Richtlinie\"}]},{\"@type\":\"WebSite\",\"@id\":\"https:\/\/nestech.it\/#website\",\"url\":\"https:\/\/nestech.it\/\",\"name\":\"NESTECH\",\"description\":\"Your partner in the electromechanical industry\",\"publisher\":{\"@id\":\"https:\/\/nestech.it\/#organization\"},\"potentialAction\":[{\"@type\":\"SearchAction\",\"target\":{\"@type\":\"EntryPoint\",\"urlTemplate\":\"https:\/\/nestech.it\/?s={search_term_string}\"},\"query-input\":\"required name=search_term_string\"}],\"inLanguage\":\"de-DE\"},{\"@type\":\"Organization\",\"@id\":\"https:\/\/nestech.it\/#organization\",\"name\":\"NESTECH\",\"url\":\"https:\/\/nestech.it\/\",\"logo\":{\"@type\":\"ImageObject\",\"inLanguage\":\"de-DE\",\"@id\":\"https:\/\/nestech.it\/#\/schema\/logo\/image\/\",\"url\":\"https:\/\/nestech.it\/wp-content\/uploads\/2022\/09\/logo-nestech-homepage-payoff.png\",\"contentUrl\":\"https:\/\/nestech.it\/wp-content\/uploads\/2022\/09\/logo-nestech-homepage-payoff.png\",\"width\":400,\"height\":150,\"caption\":\"NESTECH\"},\"image\":{\"@id\":\"https:\/\/nestech.it\/#\/schema\/logo\/image\/\"},\"sameAs\":[\"https:\/\/www.linkedin.com\/company\/nestech-srl\/\"]}]}<\/script>\n<!-- \/ Yoast SEO plugin. -->","yoast_head_json":{"title":"Cookie-Richtlinie - NESTECH","robots":{"index":"index","follow":"follow","max-snippet":"max-snippet:-1","max-image-preview":"max-image-preview:large","max-video-preview":"max-video-preview:-1"},"canonical":"https:\/\/nestech-lasercut.de\/cookie-richtlinie\/","og_locale":"de_DE","og_type":"article","og_title":"Cookie-Richtlinie - NESTECH","og_url":"https:\/\/nestech-lasercut.de\/cookie-richtlinie\/","og_site_name":"NESTECH","article_modified_time":"2025-02-25T14:37:09+00:00","twitter_card":"summary_large_image","twitter_misc":{"Gesch\u00e4tzte Lesezeit":"17 Minuten"},"schema":{"@context":"https:\/\/schema.org","@graph":[{"@type":"WebPage","@id":"https:\/\/nestech.it\/de\/cookie-richtlinie\/","url":"https:\/\/nestech-lasercut.de\/cookie-richtlinie\/","name":"Cookie-Richtlinie - NESTECH","isPartOf":{"@id":"https:\/\/nestech.it\/#website"},"datePublished":"2022-09-16T14:45:21+00:00","dateModified":"2025-02-25T14:37:09+00:00","breadcrumb":{"@id":"https:\/\/nestech-lasercut.de\/cookie-richtlinie\/#breadcrumb"},"inLanguage":"de-DE","potentialAction":[{"@type":"ReadAction","target":["https:\/\/nestech-lasercut.de\/cookie-richtlinie\/"]}]},{"@type":"BreadcrumbList","@id":"https:\/\/nestech-lasercut.de\/cookie-richtlinie\/#breadcrumb","itemListElement":[{"@type":"ListItem","position":1,"name":"Home","item":"https:\/\/nestech.it\/de\/"},{"@type":"ListItem","position":2,"name":"Cookie-Richtlinie"}]},{"@type":"WebSite","@id":"https:\/\/nestech.it\/#website","url":"https:\/\/nestech.it\/","name":"NESTECH","description":"Your partner in the electromechanical industry","publisher":{"@id":"https:\/\/nestech.it\/#organization"},"potentialAction":[{"@type":"SearchAction","target":{"@type":"EntryPoint","urlTemplate":"https:\/\/nestech.it\/?s={search_term_string}"},"query-input":"required name=search_term_string"}],"inLanguage":"de-DE"},{"@type":"Organization","@id":"https:\/\/nestech.it\/#organization","name":"NESTECH","url":"https:\/\/nestech.it\/","logo":{"@type":"ImageObject","inLanguage":"de-DE","@id":"https:\/\/nestech.it\/#\/schema\/logo\/image\/","url":"https:\/\/nestech.it\/wp-content\/uploads\/2022\/09\/logo-nestech-homepage-payoff.png","contentUrl":"https:\/\/nestech.it\/wp-content\/uploads\/2022\/09\/logo-nestech-homepage-payoff.png","width":400,"height":150,"caption":"NESTECH"},"image":{"@id":"https:\/\/nestech.it\/#\/schema\/logo\/image\/"},"sameAs":["https:\/\/www.linkedin.com\/company\/nestech-srl\/"]}]}},"_links":{"self":[{"href":"https:\/\/nestech.it\/de\/wp-json\/wp\/v2\/pages\/31411"}],"collection":[{"href":"https:\/\/nestech.it\/de\/wp-json\/wp\/v2\/pages"}],"about":[{"href":"https:\/\/nestech.it\/de\/wp-json\/wp\/v2\/types\/page"}],"author":[{"embeddable":true,"href":"https:\/\/nestech.it\/de\/wp-json\/wp\/v2\/users\/1"}],"replies":[{"embeddable":true,"href":"https:\/\/nestech.it\/de\/wp-json\/wp\/v2\/comments?post=31411"}],"version-history":[{"count":4,"href":"https:\/\/nestech.it\/de\/wp-json\/wp\/v2\/pages\/31411\/revisions"}],"predecessor-version":[{"id":31815,"href":"https:\/\/nestech.it\/de\/wp-json\/wp\/v2\/pages\/31411\/revisions\/31815"}],"wp:attachment":[{"href":"https:\/\/nestech.it\/de\/wp-json\/wp\/v2\/media?parent=31411"}],"curies":[{"name":"wp","href":"https:\/\/api.w.org\/{rel}","templated":true}]}}