{"id":31417,"date":"2022-09-16T16:50:28","date_gmt":"2022-09-16T14:50:28","guid":{"rendered":"https:\/\/nestech.it\/privacy-policy\/"},"modified":"2025-02-25T15:31:59","modified_gmt":"2025-02-25T14:31:59","slug":"datenschutzerklaerung","status":"publish","type":"page","link":"https:\/\/nestech.it\/de\/datenschutzerklaerung\/","title":{"rendered":"Datenschutzerkl\u00e4rung"},"content":{"rendered":"<p><section id=\"bt_bb_section69d85279c2f3b\" class=\"bt_bb_section bt_bb_color_scheme_11 bt_bb_layout_boxed_1200 bt_bb_vertical_align_middle bt_bb_top_spacing_extra_large bt_bb_bottom_spacing_large bt-dark-skin\" style=\"; --section-primary-color:#ffffff; --section-secondary-color:#004f9f;\" data-bt-override-class=\"{&quot;bt_bb_top_spacing_&quot;:{&quot;current_class&quot;:&quot;bt_bb_top_spacing_extra_large&quot;,&quot;def&quot;:&quot;extra_large&quot;,&quot;xl&quot;:&quot;extra_large&quot;,&quot;sm&quot;:&quot;large&quot;,&quot;xs&quot;:&quot;large&quot;},&quot;bt_bb_bottom_spacing_&quot;:{&quot;current_class&quot;:&quot;bt_bb_bottom_spacing_large&quot;,&quot;def&quot;:&quot;large&quot;,&quot;xl&quot;:&quot;large&quot;,&quot;sm&quot;:&quot;medium&quot;,&quot;xs&quot;:&quot;medium&quot;}}\"><div class=\"bt_bb_background_image_holder_wrapper\"><div class=\"bt_bb_background_image_holder btLazyLoadBackground\"  data-background_image_src=\"https:\/\/nestech.it\/wp-content\/uploads\/2022\/09\/fondino-footer.jpg\" data-parallax-zoom-start=\"1\" data-parallax-zoom-end=\"1\" data-parallax-blur-start=\"0\" data-parallax-blur-end=\"0\" data-parallax-opacity-start=\"1\" data-parallax-opacity-end=\"1\" style=\" background-image: url(&#039;https:\/\/nestech.it\/wp-content\/plugins\/bold-page-builder\/img\/blank.gif&#039;);\"><\/div><\/div><div class=\"bt_bb_port\"><div class=\"bt_bb_cell\"><div class=\"bt_bb_cell_inner\"><div class=\"bt_bb_row bt_bb_row_width_boxed_1200 bt_bb_row_width_boxed \"  data-bt-override-class=\"{}\"><div class=\"bt_bb_row_holder\" ><div  class=\"bt_bb_column col-xxl-12 col-xl-12 col-xs-12 col-sm-12 col-md-12 col-lg-12 bt_bb_vertical_align_top bt_bb_align_center bt_bb_padding_normal bt_bb_animation_fade_in zoom_out animate\" style=\"; --column-width:12;\" data-width=\"12\" data-bt-override-class=\"{&quot;bt_bb_align_&quot;:{&quot;current_class&quot;:&quot;bt_bb_align_center&quot;,&quot;def&quot;:&quot;center&quot;,&quot;xl&quot;:&quot;center&quot;},&quot;bt_bb_padding_&quot;:{&quot;current_class&quot;:&quot;bt_bb_padding_normal&quot;,&quot;def&quot;:&quot;normal&quot;,&quot;xl&quot;:&quot;normal&quot;}}\"><div class=\"bt_bb_column_content\"><div class=\"bt_bb_column_content_inner\"><div class=\"bt_bb_separator bt_bb_border_style_none bt_bb_top_spacing_ bt_bb_bottom_spacing_30\" data-bt-override-class=\"{&quot;bt_bb_top_spacing_&quot;:{&quot;current_class&quot;:&quot;bt_bb_top_spacing_&quot;,&quot;def&quot;:&quot;&quot;,&quot;xl&quot;:&quot;&quot;},&quot;bt_bb_bottom_spacing_&quot;:{&quot;current_class&quot;:&quot;bt_bb_bottom_spacing_30&quot;,&quot;def&quot;:&quot;30&quot;,&quot;xl&quot;:&quot;30&quot;}}\"><\/div><header class=\"bt_bb_headline bt_bb_color_scheme_1 bt_bb_dash_top bt_bb_size_extralarge bt_bb_align_center\" style=\"; --headline-primary-color:#ffffff; --headline-secondary-color:#000000;\" data-bt-override-class=\"{&quot;bt_bb_size_&quot;:{&quot;current_class&quot;:&quot;bt_bb_size_extralarge&quot;,&quot;def&quot;:&quot;extralarge&quot;,&quot;xl&quot;:&quot;extralarge&quot;},&quot;bt_bb_align_&quot;:{&quot;current_class&quot;:&quot;bt_bb_align_center&quot;,&quot;def&quot;:&quot;center&quot;,&quot;xl&quot;:&quot;center&quot;}}\"><h1><span class=\"bt_bb_headline_content\"><span>Datenschutzerkl\u00e4rung<\/span><\/span><\/h1><\/header><div class=\"bt_bb_separator bt_bb_border_style_none bt_bb_top_spacing_ bt_bb_bottom_spacing_20\" data-bt-override-class=\"{&quot;bt_bb_top_spacing_&quot;:{&quot;current_class&quot;:&quot;bt_bb_top_spacing_&quot;,&quot;def&quot;:&quot;&quot;,&quot;xl&quot;:&quot;&quot;},&quot;bt_bb_bottom_spacing_&quot;:{&quot;current_class&quot;:&quot;bt_bb_bottom_spacing_20&quot;,&quot;def&quot;:&quot;20&quot;,&quot;xl&quot;:&quot;20&quot;}}\"><\/div><\/div><\/div><\/div><\/div><\/div><\/div><!-- cell_inner --><\/div><!-- cell --><\/div><!-- port --><\/section><section id=\"bt_bb_section69d85279c34aa\" class=\"bt_bb_section bt_bb_layout_boxed_1200 bt_bb_vertical_align_top bt_bb_top_spacing_100 bt_bb_bottom_spacing_100\" style=\"z-index: 1;\" data-bt-override-class=\"{&quot;bt_bb_top_spacing_&quot;:{&quot;current_class&quot;:&quot;bt_bb_top_spacing_100&quot;,&quot;def&quot;:&quot;100&quot;,&quot;xl&quot;:&quot;100&quot;,&quot;sm&quot;:&quot;40&quot;,&quot;xs&quot;:&quot;40&quot;},&quot;bt_bb_bottom_spacing_&quot;:{&quot;current_class&quot;:&quot;bt_bb_bottom_spacing_100&quot;,&quot;def&quot;:&quot;100&quot;,&quot;xl&quot;:&quot;100&quot;,&quot;sm&quot;:&quot;40&quot;,&quot;xs&quot;:&quot;40&quot;}}\"><div class=\"bt_bb_port\"><div class=\"bt_bb_cell\"><div class=\"bt_bb_cell_inner\"><div class=\"bt_bb_row \"  data-bt-override-class=\"{}\"><div class=\"bt_bb_row_holder\" ><\/div><\/div><div class=\"bt_bb_row \"  data-bt-override-class=\"{}\"><div class=\"bt_bb_row_holder\" ><div  class=\"bt_bb_column col-xxl-12 col-xl-12 bt_bb_vertical_align_top bt_bb_align_left bt_bb_padding_normal\" style=\"; --column-width:12;\" data-width=\"12\" data-bt-override-class=\"{}\"><div class=\"bt_bb_column_content\"><div class=\"bt_bb_column_content_inner\"><div  class=\"bt_bb_text\" ><\/p>\n<p><strong>INFORMATIONEN GEM\u00c4SS DER EU-VERORDNUNG 2016\/679<br \/>ZWECKE UND METHODEN DER VERARBEITUNG PERSONENBEZOGENER DATEN<\/strong><br \/>Die von Ihnen freiwillig zur Verf\u00fcgung gestellten personenbezogenen Daten werden im berechtigten Interesse des Rechtsinhabers f\u00fcr die Datenverarbeitung und zu folgenden Zwecken verarbeitet:<br \/>a) um Ihnen, vorbehaltlich Ihrer ausdr\u00fccklichen Zustimmung, Handels- und\/oder Werbeinformationen zukommen zu lassen sowie Werbematerial \u00fcber Produkte, Dienstleistungen und andere Aktivit\u00e4ten von CARBONVENETA NESTECH SRL zu versenden.<br \/>b) zum Abschluss eines Kaufvertrags.<br \/>Die Verarbeitung der Daten f\u00fcr jeden der oben genannten Zwecke erfolgt mit Hilfe von Papier, automatisierten und telematischen Methoden und insbesondere per E-Mail, Telefon (einschlie\u00dflich automatisierter Anrufe, SMS, etc.) und Fax.<\/p>\n<p><strong>NAVIGATIONSDATEN<\/strong><br \/>Siehe spezifische Cookie-Richtlinie auf der Homepage.<\/p>\n<p><strong>FOLGEN DER NICHTBEREITSTELLUNG VON DATEN<\/strong><br \/>Die Angabe personenbezogener Daten ist immer freiwillig. Wenn Sie jedoch die mit einem Sternchen als \u201eobligatorisch\u201c gekennzeichneten Daten nicht angeben, kann der angeforderte Dienst nicht erbracht werden. Wenn Sie die \u00fcbrigen, nicht als \u201eobligatorisch\u201c gekennzeichneten Daten nicht angeben, kann der Dienst dennoch erbracht werden.<\/p>\n<p><strong>EMPF\u00c4NGER IHRER DATEN<\/strong><br \/>Ihre pers\u00f6nlichen Daten, die mit dieser Registrierung erhoben werden, k\u00f6nnen von den Auftragsverarbeitern, die f\u00fcr die Verwaltung des angeforderten Dienstes, den Abschluss des Kaufvertrags und die vorgesehenen Marketingt\u00e4tigkeiten zust\u00e4ndig sind, sowie von den Verantwortlichen f\u00fcr die Verarbeitung oder von den Unternehmen, denen die Daten wie unten angegeben mitgeteilt wurden, verarbeitet werden.<\/p>\n<p><strong>VERANTWORTLICHE F\u00dcR DIE VERARBEITUNG, AN DIE IHRE PERS\u00d6NLICHEN DATEN WEITERGEGEBEN WERDEN K\u00d6NNEN<\/strong><br \/>Ihre pers\u00f6nlichen Daten k\u00f6nnen an Dritte weitergegeben werden, um gesetzlichen oder steuerlichen Verpflichtungen nachzukommen oder um beh\u00f6rdlichen Anordnungen nachzukommen oder um ein Recht vor Gericht geltend zu machen.<br \/>Dar\u00fcber hinaus k\u00f6nnen Ihre Daten mit Ihrem Einverst\u00e4ndnis auch an das Vertriebsnetz (z.B. Handelsvertreter) von CARBONVENETA NESTECH SRL weitergegeben werden, die sie f\u00fcr Zwecke im Zusammenhang mit der Werbung f\u00fcr ihre jeweiligen Produkte und Dienstleistungen verarbeiten.<\/p>\n<p><strong>RECHTSINHABER UND VERANTWORTLICHER F\u00dcR DIE DATENVERARBEITUNG<\/strong><br \/>Der Rechtsinhaber f\u00fcr die Datenverarbeitung ist CARBONVENETA NESTECH SRL, in der Person des pro tempore Gesch\u00e4ftsf\u00fchrers, mit Sitz in Via Cavallara, 15 \u2013 36040 Valdastico (VI) \u2013 ITALIEN.<\/p>\n<p><strong>DAUER DER DATENSPEICHERUNG<\/strong><br \/>Ihre Daten werden f\u00fcr einen Zeitraum verarbeitet, der ausreicht, um den Zweck zu erf\u00fcllen, f\u00fcr den sie erhoben wurden, und in jedem Fall nicht l\u00e4nger als 10 Jahre im Falle von Daten, die f\u00fcr vertragliche Zwecke verarbeitet werden, und nicht l\u00e4nger als 2 Jahre f\u00fcr Marketingzwecke.<\/p>\n<p><strong>IHRE RECHTE ALS BETROFFENE PERSON<\/strong><br \/>Als betroffene Person haben Sie folgende Rechte:<br \/>i. eine Best\u00e4tigung \u00fcber das Vorhandensein oder Nichtvorhandensein von Sie betreffenden personenbezogenen Daten zu erhalten, auch wenn diese noch nicht registriert sind, sowie deren Mitteilung in verst\u00e4ndlicher Form;<br \/>ii. Auskunft zu erhalten \u00fcber: a) die Herkunft der personenbezogenen Daten; b) die Zwecke und Modalit\u00e4ten der Verarbeitung; c) die angewandte Logik im Falle einer Verarbeitung mit Hilfe elektronischer Mittel; d) die Identifikationsdaten des Rechtsinhabers und der Verantwortlichen f\u00fcr die Datenverarbeitung; e) die Personen oder Kategorien von Personen, denen die personenbezogenen Daten mitgeteilt werden k\u00f6nnen oder die in ihrer Eigenschaft als Verantwortliche oder Beauftragte davon Kenntnis erhalten k\u00f6nnen;<br \/>iii. Folgendes zu erhalten: a) die Aktualisierung, die Berichtigung oder, sofern interessiert, die Erg\u00e4nzung der Daten; b) die L\u00f6schung, die Umwandlung in anonyme Form oder die Sperrung von Daten, die unter Verletzung des Gesetzes verarbeitet wurden, einschlie\u00dflich der Daten, deren Speicherung in Bezug auf die Zwecke, f\u00fcr die die Daten erhoben oder sp\u00e4ter verarbeitet wurden, nicht erforderlich ist; c) eine Bescheinigung dar\u00fcber, dass die unter den Buchstaben a) und b) genannten Vorg\u00e4nge, auch was ihren Inhalt betrifft, denjenigen mitgeteilt wurden, denen die Daten \u00fcbermittelt oder bei denen sie verbreitet wurden, sofern sich dies nicht als unm\u00f6glich erweist oder der Aufwand an Mitteln im Verh\u00e4ltnis zum gesch\u00fctzten Recht unvertretbar gro\u00df ist;<br \/>iv. sich ganz oder teilweise zu widersetzen: a) aus legitimen Gr\u00fcnden gegen die Verarbeitung der Sie betreffenden personenbezogenen Daten, auch wenn diese f\u00fcr den Zweck der Erhebung relevant sind; b) gegen die Verarbeitung der Sie betreffenden personenbezogenen Daten zum Zwecke des Versands von Werbematerial oder des Direktverkaufs oder zur Durchf\u00fchrung von Marktforschungen oder Umfragen zur kommerziellen Kommunikation, mittels automatisierter Anrufsysteme ohne Einschaltung eines Bedieners, per E-Mail und\/oder durch herk\u00f6mmliche Marketingmethoden per Telefon und\/oder Papierpost. Es wird darauf hingewiesen, dass sich das Widerspruchsrecht der betroffenen Person, wie unter Punkt b) oben dargelegt, f\u00fcr Zwecke des Direktmarketings mit automatisierten Mitteln auch auf traditionelle Marketingmethoden erstreckt und dass das Widerspruchsrecht der betroffenen Person in jedem Fall auch teilweise ausge\u00fcbt werden kann. Daher kann die betroffene Person entscheiden, ob sie nur Mitteilungen auf traditionellem Wege oder nur automatisierte Mitteilungen oder keine der beiden Arten von Mitteilungen erhalten m\u00f6chte.<br \/>Gegebenenfalls haben Sie auch das Recht auf Berichtigung, das Recht auf Vergessenwerden, das Recht auf Einschr\u00e4nkung der Verarbeitung, das Recht auf Daten\u00fcbertragbarkeit, das Recht auf Widerspruch sowie das Recht, sich bei der Datenschutzbeh\u00f6rde zu beschweren.<\/p>\n<p><strong>WIE SIE IHRE RECHTE AUS\u00dcBEN K\u00d6NNEN<\/strong><br \/>Sie k\u00f6nnen Ihre Rechte jederzeit aus\u00fcben, indem Sie:<br \/>\u2013 ein Einschreiben mit R\u00fcckschein an den Rechtsinhaber f\u00fcr die Datenverarbeitung CARBONVENETA NESTECH SRL \u2013 Via Cavallara, 15 \u2013 36040 Valdastico (VI) \u2013 ITALIEN senden;<br \/>\u2013 eine E-Mail an <a href=\"mailto:info@carbonveneta.it\">info@carbonveneta.it<\/a> schicken.<\/p>\n<p><strong>EINWILLIGUNG<\/strong><br \/>Wenn Sie es w\u00fcnschen, haben Sie das Recht, Ihre Einwilligung jederzeit zu widerrufen, ohne dass die Rechtm\u00e4\u00dfigkeit der Verarbeitung aufgrund der vor dem Widerruf erteilten Einwilligung ber\u00fchrt wird.<\/p>\n<p><strong>RECHT AUF BESCHWERDE<\/strong><br \/>Betroffene Personen, die der Ansicht sind, dass die \u00fcber diese Webseite durchgef\u00fchrte Verarbeitung sie betreffender personenbezogener Daten gegen die Bestimmungen der Verordnung verst\u00f6\u00dft, haben das Recht, eine Beschwerde bei der italienischen Datenschutzbeh\u00f6rde einzureichen, wie in Artikel 77 der Verordnung vorgesehen, oder rechtliche Schritte einzuleiten (Artikel 79 der Verordnung).<\/p>\n<p>\n<\/div><\/div><\/div><\/div><\/div><\/div><\/div><!-- cell_inner --><\/div><!-- cell --><\/div><!-- port --><\/section><\/p>\n","protected":false},"excerpt":{"rendered":"","protected":false},"author":1,"featured_media":0,"parent":0,"menu_order":0,"comment_status":"closed","ping_status":"closed","template":"","meta":{"footnotes":""},"yoast_head":"<!-- This site is optimized with the Yoast SEO plugin v22.9 - https:\/\/yoast.com\/wordpress\/plugins\/seo\/ -->\n<title>Datenschutzerkl\u00e4rung - NESTECH<\/title>\n<meta name=\"robots\" content=\"index, follow, max-snippet:-1, max-image-preview:large, max-video-preview:-1\" \/>\n<link rel=\"canonical\" href=\"https:\/\/nestech-lasercut.de\/datenschutzerklaerung\/\" \/>\n<meta property=\"og:locale\" content=\"de_DE\" \/>\n<meta property=\"og:type\" content=\"article\" \/>\n<meta property=\"og:title\" content=\"Datenschutzerkl\u00e4rung - NESTECH\" \/>\n<meta property=\"og:url\" content=\"https:\/\/nestech-lasercut.de\/datenschutzerklaerung\/\" \/>\n<meta property=\"og:site_name\" content=\"NESTECH\" \/>\n<meta property=\"article:modified_time\" content=\"2025-02-25T14:31:59+00:00\" \/>\n<meta name=\"twitter:card\" content=\"summary_large_image\" \/>\n<meta name=\"twitter:label1\" content=\"Gesch\u00e4tzte Lesezeit\" \/>\n\t<meta name=\"twitter:data1\" content=\"10 Minuten\" \/>\n<script type=\"application\/ld+json\" class=\"yoast-schema-graph\">{\"@context\":\"https:\/\/schema.org\",\"@graph\":[{\"@type\":\"WebPage\",\"@id\":\"https:\/\/nestech.it\/de\/datenschutzerklaerung\/\",\"url\":\"https:\/\/nestech-lasercut.de\/datenschutzerklaerung\/\",\"name\":\"Datenschutzerkl\u00e4rung - NESTECH\",\"isPartOf\":{\"@id\":\"https:\/\/nestech.it\/#website\"},\"datePublished\":\"2022-09-16T14:50:28+00:00\",\"dateModified\":\"2025-02-25T14:31:59+00:00\",\"breadcrumb\":{\"@id\":\"https:\/\/nestech-lasercut.de\/datenschutzerklaerung\/#breadcrumb\"},\"inLanguage\":\"de-DE\",\"potentialAction\":[{\"@type\":\"ReadAction\",\"target\":[\"https:\/\/nestech-lasercut.de\/datenschutzerklaerung\/\"]}]},{\"@type\":\"BreadcrumbList\",\"@id\":\"https:\/\/nestech-lasercut.de\/datenschutzerklaerung\/#breadcrumb\",\"itemListElement\":[{\"@type\":\"ListItem\",\"position\":1,\"name\":\"Home\",\"item\":\"https:\/\/nestech.it\/de\/\"},{\"@type\":\"ListItem\",\"position\":2,\"name\":\"Datenschutzerkl\u00e4rung\"}]},{\"@type\":\"WebSite\",\"@id\":\"https:\/\/nestech.it\/#website\",\"url\":\"https:\/\/nestech.it\/\",\"name\":\"NESTECH\",\"description\":\"Your partner in the electromechanical industry\",\"publisher\":{\"@id\":\"https:\/\/nestech.it\/#organization\"},\"potentialAction\":[{\"@type\":\"SearchAction\",\"target\":{\"@type\":\"EntryPoint\",\"urlTemplate\":\"https:\/\/nestech.it\/?s={search_term_string}\"},\"query-input\":\"required name=search_term_string\"}],\"inLanguage\":\"de-DE\"},{\"@type\":\"Organization\",\"@id\":\"https:\/\/nestech.it\/#organization\",\"name\":\"NESTECH\",\"url\":\"https:\/\/nestech.it\/\",\"logo\":{\"@type\":\"ImageObject\",\"inLanguage\":\"de-DE\",\"@id\":\"https:\/\/nestech.it\/#\/schema\/logo\/image\/\",\"url\":\"https:\/\/nestech.it\/wp-content\/uploads\/2022\/09\/logo-nestech-homepage-payoff.png\",\"contentUrl\":\"https:\/\/nestech.it\/wp-content\/uploads\/2022\/09\/logo-nestech-homepage-payoff.png\",\"width\":400,\"height\":150,\"caption\":\"NESTECH\"},\"image\":{\"@id\":\"https:\/\/nestech.it\/#\/schema\/logo\/image\/\"},\"sameAs\":[\"https:\/\/www.linkedin.com\/company\/nestech-srl\/\"]}]}<\/script>\n<!-- \/ Yoast SEO plugin. -->","yoast_head_json":{"title":"Datenschutzerkl\u00e4rung - NESTECH","robots":{"index":"index","follow":"follow","max-snippet":"max-snippet:-1","max-image-preview":"max-image-preview:large","max-video-preview":"max-video-preview:-1"},"canonical":"https:\/\/nestech-lasercut.de\/datenschutzerklaerung\/","og_locale":"de_DE","og_type":"article","og_title":"Datenschutzerkl\u00e4rung - NESTECH","og_url":"https:\/\/nestech-lasercut.de\/datenschutzerklaerung\/","og_site_name":"NESTECH","article_modified_time":"2025-02-25T14:31:59+00:00","twitter_card":"summary_large_image","twitter_misc":{"Gesch\u00e4tzte Lesezeit":"10 Minuten"},"schema":{"@context":"https:\/\/schema.org","@graph":[{"@type":"WebPage","@id":"https:\/\/nestech.it\/de\/datenschutzerklaerung\/","url":"https:\/\/nestech-lasercut.de\/datenschutzerklaerung\/","name":"Datenschutzerkl\u00e4rung - NESTECH","isPartOf":{"@id":"https:\/\/nestech.it\/#website"},"datePublished":"2022-09-16T14:50:28+00:00","dateModified":"2025-02-25T14:31:59+00:00","breadcrumb":{"@id":"https:\/\/nestech-lasercut.de\/datenschutzerklaerung\/#breadcrumb"},"inLanguage":"de-DE","potentialAction":[{"@type":"ReadAction","target":["https:\/\/nestech-lasercut.de\/datenschutzerklaerung\/"]}]},{"@type":"BreadcrumbList","@id":"https:\/\/nestech-lasercut.de\/datenschutzerklaerung\/#breadcrumb","itemListElement":[{"@type":"ListItem","position":1,"name":"Home","item":"https:\/\/nestech.it\/de\/"},{"@type":"ListItem","position":2,"name":"Datenschutzerkl\u00e4rung"}]},{"@type":"WebSite","@id":"https:\/\/nestech.it\/#website","url":"https:\/\/nestech.it\/","name":"NESTECH","description":"Your partner in the electromechanical industry","publisher":{"@id":"https:\/\/nestech.it\/#organization"},"potentialAction":[{"@type":"SearchAction","target":{"@type":"EntryPoint","urlTemplate":"https:\/\/nestech.it\/?s={search_term_string}"},"query-input":"required name=search_term_string"}],"inLanguage":"de-DE"},{"@type":"Organization","@id":"https:\/\/nestech.it\/#organization","name":"NESTECH","url":"https:\/\/nestech.it\/","logo":{"@type":"ImageObject","inLanguage":"de-DE","@id":"https:\/\/nestech.it\/#\/schema\/logo\/image\/","url":"https:\/\/nestech.it\/wp-content\/uploads\/2022\/09\/logo-nestech-homepage-payoff.png","contentUrl":"https:\/\/nestech.it\/wp-content\/uploads\/2022\/09\/logo-nestech-homepage-payoff.png","width":400,"height":150,"caption":"NESTECH"},"image":{"@id":"https:\/\/nestech.it\/#\/schema\/logo\/image\/"},"sameAs":["https:\/\/www.linkedin.com\/company\/nestech-srl\/"]}]}},"_links":{"self":[{"href":"https:\/\/nestech.it\/de\/wp-json\/wp\/v2\/pages\/31417"}],"collection":[{"href":"https:\/\/nestech.it\/de\/wp-json\/wp\/v2\/pages"}],"about":[{"href":"https:\/\/nestech.it\/de\/wp-json\/wp\/v2\/types\/page"}],"author":[{"embeddable":true,"href":"https:\/\/nestech.it\/de\/wp-json\/wp\/v2\/users\/1"}],"replies":[{"embeddable":true,"href":"https:\/\/nestech.it\/de\/wp-json\/wp\/v2\/comments?post=31417"}],"version-history":[{"count":3,"href":"https:\/\/nestech.it\/de\/wp-json\/wp\/v2\/pages\/31417\/revisions"}],"predecessor-version":[{"id":31812,"href":"https:\/\/nestech.it\/de\/wp-json\/wp\/v2\/pages\/31417\/revisions\/31812"}],"wp:attachment":[{"href":"https:\/\/nestech.it\/de\/wp-json\/wp\/v2\/media?parent=31417"}],"curies":[{"name":"wp","href":"https:\/\/api.w.org\/{rel}","templated":true}]}}